{"id":1141,"date":"2023-11-01T08:23:18","date_gmt":"2023-11-01T08:23:18","guid":{"rendered":"https:\/\/weiliangg7.sg-host.com\/?post_type=product&#038;p=1141"},"modified":"2023-11-21T08:21:12","modified_gmt":"2023-11-21T08:21:12","slug":"google-pixel-6-pro","status":"publish","type":"product","link":"https:\/\/uplusdisplay.com\/fr\/produit\/google-pixel-6-pro\/","title":{"rendered":"Google Pixel 6 Pro"},"content":{"rendered":"<ul>\n<li>Remplacement de l\u2019assemblage OLED de haute qualit\u00e9 pour Google Pixel 6 Pro (reconditionn\u00e9) (toutes les couleurs).<\/li>\n<li>Il est livr\u00e9 avec le cadre.<\/li>\n<li>Remplacez votre \u00e9cran OLED cass\u00e9 et endommag\u00e9 pour Google Pixel 6 Pro avec ce meilleur affichage OLED.<\/li>\n<li>Utilisez ce remplacement OLED pour r\u00e9soudre presque tous les probl\u00e8mes d\u2019\u00e9cran tactile peuvent avoir.<\/li>\n<li>L\u2019affichage r\u00e9tine tr\u00e8s avanc\u00e9 signifie que l\u2019\u00e9cran ne montre pas de particule \u00e9vidente, r\u00e9sultant en des images \u00e9tonnantes qu\u2019il montre.<\/li>\n<li>Cet \u00e9cran OLED est multi-touch capacitif, assurant la sensibilit\u00e9 \u00e9lev\u00e9e et le bon fonctionnement de l\u2019\u00e9cran.<\/li>\n<li>Fortement recommand\u00e9 pour une Installation professionnelle.<\/li>\n<li>Chaque article a \u00e9t\u00e9 v\u00e9rifi\u00e9 et en bon \u00e9tat avant l\u2019exp\u00e9dition.<\/li>\n<li>Compatible avec GLUOG\/G8VOU<\/li>\n<\/ul>\n<p><img fetchpriority=\"high\" decoding=\"async\" class=\"alignnone size-medium wp-image-1950\" src=\"http:\/\/uplusdisplay.com\/wp-content\/uploads\/2023\/11\/\u5fae\u4fe1\u56fe\u7247_20231121161131_pixian_ai-300x300.png\" alt=\"Pixel 6 Pro\" width=\"300\" height=\"300\" srcset=\"https:\/\/uplusdisplay.com\/wp-content\/uploads\/2023\/11\/\u5fae\u4fe1\u56fe\u7247_20231121161131_pixian_ai-300x300.png 300w, https:\/\/uplusdisplay.com\/wp-content\/uploads\/2023\/11\/\u5fae\u4fe1\u56fe\u7247_20231121161131_pixian_ai-100x100.png 100w, https:\/\/uplusdisplay.com\/wp-content\/uploads\/2023\/11\/\u5fae\u4fe1\u56fe\u7247_20231121161131_pixian_ai-600x600.png 600w, https:\/\/uplusdisplay.com\/wp-content\/uploads\/2023\/11\/\u5fae\u4fe1\u56fe\u7247_20231121161131_pixian_ai-150x150.png 150w, https:\/\/uplusdisplay.com\/wp-content\/uploads\/2023\/11\/\u5fae\u4fe1\u56fe\u7247_20231121161131_pixian_ai-768x768.png 768w, https:\/\/uplusdisplay.com\/wp-content\/uploads\/2023\/11\/\u5fae\u4fe1\u56fe\u7247_20231121161131_pixian_ai-12x12.png 12w, https:\/\/uplusdisplay.com\/wp-content\/uploads\/2023\/11\/\u5fae\u4fe1\u56fe\u7247_20231121161131_pixian_ai.png 1000w\" sizes=\"(max-width: 300px) 100vw, 300px\" \/><img decoding=\"async\" class=\"alignnone  wp-image-1706\" src=\"http:\/\/uplusdisplay.com\/wp-content\/uploads\/2023\/11\/\u56fe\u72471.png\" alt=\"Lock screen\" width=\"219\" height=\"301\" srcset=\"https:\/\/uplusdisplay.com\/wp-content\/uploads\/2023\/11\/\u56fe\u72471.png 237w, https:\/\/uplusdisplay.com\/wp-content\/uploads\/2023\/11\/\u56fe\u72471-219x300.png 219w, https:\/\/uplusdisplay.com\/wp-content\/uploads\/2023\/11\/\u56fe\u72471-9x12.png 9w\" sizes=\"(max-width: 219px) 100vw, 219px\" \/>\u00a0<img decoding=\"async\" class=\"alignnone size-full wp-image-1707\" src=\"http:\/\/uplusdisplay.com\/wp-content\/uploads\/2023\/11\/\u56fe\u72472.png\" alt=\"packing box\" width=\"458\" height=\"279\" srcset=\"https:\/\/uplusdisplay.com\/wp-content\/uploads\/2023\/11\/\u56fe\u72472.png 458w, https:\/\/uplusdisplay.com\/wp-content\/uploads\/2023\/11\/\u56fe\u72472-300x183.png 300w, https:\/\/uplusdisplay.com\/wp-content\/uploads\/2023\/11\/\u56fe\u72472-18x12.png 18w\" sizes=\"(max-width: 458px) 100vw, 458px\" \/><\/p>","protected":false},"excerpt":{"rendered":"<p>Offers same size as service pack, original frame, original fingerprints, same displaying effect .<\/p>","protected":false},"featured_media":1950,"comment_status":"open","ping_status":"closed","template":"","meta":[],"product_cat":[46],"product_tag":[47],"class_list":{"0":"post-1141","1":"product","2":"type-product","3":"status-publish","4":"has-post-thumbnail","6":"product_cat-google","7":"product_tag-pixel-6-pro","9":"first","10":"instock","11":"shipping-taxable","12":"product-type-simple"},"_links":{"self":[{"href":"https:\/\/uplusdisplay.com\/fr\/wp-json\/wp\/v2\/product\/1141"}],"collection":[{"href":"https:\/\/uplusdisplay.com\/fr\/wp-json\/wp\/v2\/product"}],"about":[{"href":"https:\/\/uplusdisplay.com\/fr\/wp-json\/wp\/v2\/types\/product"}],"replies":[{"embeddable":true,"href":"https:\/\/uplusdisplay.com\/fr\/wp-json\/wp\/v2\/comments?post=1141"}],"wp:featuredmedia":[{"embeddable":true,"href":"https:\/\/uplusdisplay.com\/fr\/wp-json\/wp\/v2\/media\/1950"}],"wp:attachment":[{"href":"https:\/\/uplusdisplay.com\/fr\/wp-json\/wp\/v2\/media?parent=1141"}],"wp:term":[{"taxonomy":"product_cat","embeddable":true,"href":"https:\/\/uplusdisplay.com\/fr\/wp-json\/wp\/v2\/product_cat?post=1141"},{"taxonomy":"product_tag","embeddable":true,"href":"https:\/\/uplusdisplay.com\/fr\/wp-json\/wp\/v2\/product_tag?post=1141"}],"curies":[{"name":"wp","href":"https:\/\/api.w.org\/{rel}","templated":true}]}}