{"id":3,"date":"2023-10-30T14:33:41","date_gmt":"2023-10-30T14:33:41","guid":{"rendered":"http:\/\/weiliangg7.sg-host.com\/?page_id=3"},"modified":"2023-11-03T07:29:33","modified_gmt":"2023-11-03T07:29:33","slug":"privacy-policy","status":"publish","type":"page","link":"https:\/\/uplusdisplay.com\/de\/privacy-policy\/","title":{"rendered":"Unsere privateigentum ist privat."},"content":{"rendered":"<h2 class=\"wp-block-heading\">Wer wir sind<\/h2>\n\n\n\n<p>Unsere web-adresse ist:<a href=\"https:\/\/uplusdisplay.com\/de\/\"> http:\/\/uplusdisplay.com\/<\/a><\/p>\n\n\n\n<h2 class=\"wp-block-heading\">Kommentar<\/h2>\n\n\n\n<p>Dass, wenn ein besucher eine zusammenfassung auf der website hinterl\u00e4sst, daten aus dem kommentarformular, die ip-adresse der besucher und die zeichenfolge des browsers erfasst werden, um spam-mails erkennen zu lassen.<\/p>\n\n\n\n<p>Eine anonyme zeichenfolge (auch hasch genannt), die Von ihrer e-mail-adresse erstellt wurde, kann f\u00fcr die imaginale Gravatar zur verf\u00fcgung gestellt werden, um zu sehen, ob sie sie benutzen Gravatar dienstleistungen unsere datenschutzrichtlinien in. : http:\/\/uplusdisplay.com\/privacy-policy\/. Wenn deine bemerkung genehmigt ist, steht dein gesicht in deinem kommentar f\u00fcr die \u00f6ffentlichkeit.<\/p>\n\n\n\n<h2 class=\"wp-block-heading\">Zeitungen<\/h2>\n\n\n\n<p>Falls sie ein bild auf die website hochladen, sollten sie vermeiden, dass sie einbetten in die exif-daten (EXIF -) bilder hochladen. Die besucher k\u00f6nnen die standortdaten aus den bildern der site herunterladen.<\/p>\n\n\n\n<h2 class=\"wp-block-heading\">Geb\u00e4ck<\/h2>\n\n\n\n<p>Wenn sie einen kommentar auf unserer website hinterlassen, k\u00f6nnen sie bitte ihren namen, ihre e-mail-adresse und ihre website in cookies speichern Damit sie keine weiteren kommentare machen m\u00fcssen, m\u00fcssen sie die details nicht noch einmal ausf\u00fcllen. Die kekse sind ein jahr haltbar.<\/p>\n\n\n\n<p>Falls sie unsere loginseite durchsuchen, wird vor\u00fcbergehend ein cookie gesetzt, um zu bestimmen, ob ihr browser cookies annimmt Dieses cookie enth\u00e4lt keine pers\u00f6nlichen daten und wird beim schlie\u00dfen des browsers zur\u00fcckgeworfen<\/p>\n\n\n\n<p>W\u00e4hrend sie sich einloggen, gibt es auch cookies, die das wort speichern und die auswahl auf dem bildschirm w\u00e4hlen Die cookies werden f\u00fcr die n\u00e4chsten zwei tage gespeichert, die cookies f\u00fcr ein jahr. Falls sie \"erinnerung an mich\" ausw\u00e4hlen, wird ihr einloggen zwei wochen dauern. Wenn sie das konto verlassen, wird die interaktion mit cookie gel\u00f6scht<\/p>\n\n\n\n<p>Wenn sie einen artikel bearbeiten Oder ver\u00f6ffentlichen, wird ein zus\u00e4tzlicher cookie in ihrem browser gespeichert Dieses cookie enth\u00e4lt keine pers\u00f6nlichen daten, da es nur die mails des gerade bearbeiteten romans zeigt. Die pr\u00fcfung gilt f\u00fcr einen tag.<\/p>\n\n\n\n<h2 class=\"wp-block-heading\">Aus anderen websites einbetten<\/h2>\n\n\n\n<p>Die artikel dieser webseite k\u00f6nnen eingebettete inhalte enthalten (z. B. videos, bilder, artikel &amp; etc). Das engagement bei anderen webseiten zeigt genau die gleiche form, wie man es bei anderen erreichen kann.<\/p>\n\n\n\n<p>Auf diesen seiten werden wahrscheinlich auch daten \u00fcber sie erfasst, cookie verwendet, ein weiterer lechaser implantiert und die effekte, die sie mit dem eingebetteten inhalt zu tun haben, \u00fcberwacht, einschlie\u00dflich der interaktion zwischen ihnen und dem eingebetteten inhalt, falls sie ein bankkonto besitzen und sich an die seite loggen.<\/p>\n\n\n\n<h2 class=\"wp-block-heading\">Wir teilen ihre daten mit anderen<\/h2>\n\n\n\n<p>Wenn sie das passwort zur\u00fcckstellen wollen, wird die ip-adresse des benutzers das zur\u00fccksetzen des benutzers enthalten<\/p>\n\n\n\n<h2 class=\"wp-block-heading\">Wir behalten ihre akten so lange auf<\/h2>\n\n\n\n<p>Die kommentare und metadaten bleiben dauerhaft erhalten, wenn sie dazu einen kommentar geben. So k\u00f6nnen wir alle folgenden kommentare automatisch identifizieren und genehmigen, anstatt sie in der pr\u00fcfreihe zu speichern.<\/p>\n\n\n\n<p>F\u00fcr die benutzer, die wir auf unserer website registrieren, werden wir ihre eigenen ausk\u00fcnfte auch in ihrer konfigurationsdatei speichern. Alle nutzer k\u00f6nnen ihre pers\u00f6nlichen daten jederzeit anzeigen, bearbeiten und l\u00f6schen (mit der ausnahme, dass sie ihre namen nicht \u00e4ndern k\u00f6nnen). Der webmanager kann die informationen auch anlesen und bearbeiten.<\/p>\n\n\n\n<h2 class=\"wp-block-heading\">Ich h\u00e4tte gerne einige fragen<\/h2>\n\n\n\n<p>Wenn sie eine bilanz Oder einen kommentar zu dieser website besitzen, k\u00f6nnen sie verlangen, dass uns die export-datei f\u00fcr ihre pers\u00f6nlichen daten, einschlie\u00dflich der uns vorgelegten daten, vorliegt Sie k\u00f6nnen auch verlangen, alle pers\u00f6nlichen daten, die wir \u00fcber sie haben, zu l\u00f6schen. Dies betrifft keine daten, die wir f\u00fcr administrative, rechtliche Oder sicherheitsbezogene zwecke zu behalten haben.<\/p>\n\n\n\n<h2 class=\"wp-block-heading\">An welche quelle schicken sie ihre daten<\/h2>\n\n\n\n<p>Die besucher k\u00f6nnen die ergebnisse \u00fcber den spam-checkdienst abfragen.<\/p>","protected":false},"excerpt":{"rendered":"<p>Who we are Our website address is: http:\/\/uplusdisplay.com\/ Comments When visitors leave comments on the site we collect the data shown in the comments form, and also the visitor\u2019s IP address and browser user agent string to help spam detection. An anonymized string created from your email address (also called a hash) may be provided [&hellip;]<\/p>","protected":false},"author":1,"featured_media":0,"parent":0,"menu_order":0,"comment_status":"closed","ping_status":"open","template":"","meta":{"footnotes":""},"class_list":["post-3","page","type-page","status-publish","hentry"],"blocksy_meta":[],"_links":{"self":[{"href":"https:\/\/uplusdisplay.com\/de\/wp-json\/wp\/v2\/pages\/3"}],"collection":[{"href":"https:\/\/uplusdisplay.com\/de\/wp-json\/wp\/v2\/pages"}],"about":[{"href":"https:\/\/uplusdisplay.com\/de\/wp-json\/wp\/v2\/types\/page"}],"author":[{"embeddable":true,"href":"https:\/\/uplusdisplay.com\/de\/wp-json\/wp\/v2\/users\/1"}],"replies":[{"embeddable":true,"href":"https:\/\/uplusdisplay.com\/de\/wp-json\/wp\/v2\/comments?post=3"}],"version-history":[{"count":4,"href":"https:\/\/uplusdisplay.com\/de\/wp-json\/wp\/v2\/pages\/3\/revisions"}],"predecessor-version":[{"id":1458,"href":"https:\/\/uplusdisplay.com\/de\/wp-json\/wp\/v2\/pages\/3\/revisions\/1458"}],"wp:attachment":[{"href":"https:\/\/uplusdisplay.com\/de\/wp-json\/wp\/v2\/media?parent=3"}],"curies":[{"name":"wp","href":"https:\/\/api.w.org\/{rel}","templated":true}]}}